{"id":419,"date":"2021-01-26T22:16:29","date_gmt":"2021-01-26T22:16:29","guid":{"rendered":"https:\/\/securoo.eu\/home\/"},"modified":"2026-03-17T14:17:12","modified_gmt":"2026-03-17T14:17:12","slug":"home","status":"publish","type":"page","link":"https:\/\/securoo.eu\/es\/","title":{"rendered":"Home"},"content":{"rendered":"<h2>\u00bfC\u00f3mo proteges los documentos sensibles de tus clientes?<\/h2>\n<h5>Cuando los documentos no est\u00e1n cifrados de extremo a extremo, monitorizados y con control de accesos, cada archivo se convierte en un riesgo legal y de seguridad.<\/h5>\n<h4>Puede costarte hasta<\/h4>\n<p> 20 millones de euros en multas del RGPD<\/p>\n<p> o el 4 % de la facturaci\u00f3n anual en caso de incumplimiento.<\/p>\n<p><img decoding=\"async\" src=\"https:\/\/securoo.eu\/wp-content\/uploads\/2026\/02\/securoo_pro_preview_eng.png\" alt=\"\"><br \/>\nUna plataforma conforme al RGPD, dise\u00f1ada para despachos y empresas que gestionan informaci\u00f3n altamente confidencial.<\/p>\n<h4>Cifrado de extremo a extremo (E2E)<\/h4>\n<p>Seguridad por dise\u00f1o con cifrado de extremo a extremo (E2E)<br \/>Tus archivos y los documentos de tus clientes se cifran antes de salir de tu dispositivo.<br \/>\nSolo t\u00fa y tus clientes pod\u00e9is acceder a ellos \u2014 ni siquiera nosotros podemos leer tus datos.<br \/>\nMantienes el control total sobre tus claves de cifrado en todo momento.<\/p>\n<h4>Replicaci\u00f3n triple de datos<\/h4>\n<p>Almacenamiento redundante en tres centros de datos de la UE<br \/>Tus datos se replican autom\u00e1ticamente en tres centros de datos independientes, conformes al RGPD dentro de la UE, garantizando alta disponibilidad y resiliencia.<\/p>\n<h4>Reduce costes<\/h4>\n<p>Olv\u00eddate de servidores, NAS y mantenimiento.<br \/>\nEvita inversiones iniciales en hardware y costes recurrentes de gesti\u00f3n IT.<br \/>\nNosotros nos encargamos de la seguridad, las copias de seguridad, las actualizaciones y la infraestructura \u2014 reduciendo costes mientras t\u00fa te centras en tu negocio principal.<\/p>\n<h4>Automatizaci\u00f3n de WhatsApp<\/h4>\n<p>Tus clientes env\u00edan documentos por WhatsApp y correo electr\u00f3nico todos los d\u00edas.<br \/>\nGuardar, organizar y asegurar esos archivos manualmente lleva tiempo y aumenta el riesgo de errores y p\u00e9rdida de datos.<br \/>\nNuestro bot impulsado por IA importa autom\u00e1ticamente los documentos desde WhatsApp y correo electr\u00f3nico, los organiza de forma segura y elimina todo el trabajo manual.<\/p>\n<h4>Unified Communications<\/h4>\n<p>Un conjunto completo de herramientas para simplificar la comunicaci\u00f3n con los clientes.<br \/>\nEnv\u00eda notificaciones que pueden requerir firma digital, utiliza mensajer\u00eda interna segura y recibe alertas en tiempo real \u2014 todo en un solo lugar.<br \/>\nGestiona conversaciones, plazos y la firma de documentos desde una \u00fanica plataforma segura que optimiza las operaciones diarias.<\/p>\n<h4>Integraciones personalizadas<\/h4>\n<p>Ofrecemos integraciones personalizadas con software y sistemas de gesti\u00f3n existentes, dise\u00f1adas en torno a tus flujos de trabajo actuales.<br \/>\nSi ya utilizas otras herramientas pero quieres potenciar tus procesos con las funcionalidades de Securoo, analizamos tus necesidades y desarrollamos integraciones a medida para mejorar la eficiencia y la productividad global.<img decoding=\"async\" src=\"https:\/\/securoo.eu\/wp-content\/uploads\/2026\/02\/image4.png\" alt=\"\"><\/p>\n<h2>Protecci\u00f3n contra ransomware<\/h2>\n<h5>Incluso si tu ordenador se ve comprometido, tus datos permanecen cifrados, aislados y recuperables al instante.<\/h5>\n<p>Securoo protege tus archivos con cifrado de extremo a extremo, almacenamiento inmutable y copias de seguridad con redundancia triple en centros de datos de la UE \u2014 haciendo que los ataques de ransomware, los fallos de dispositivos y las brechas de servidores sean inofensivos.<\/p>\n<p>Encuentra la soluci\u00f3n que se adapta a tu forma de trabajar<\/p>\n<h4>Dos soluciones<\/h4>\n<h2>Un nivel superior de seguridad<\/h2>\n<h5>Tanto si eres un despacho regulado como una empresa en crecimiento, Securoo ofrece el mismo nivel de cifrado de grado militar y protecci\u00f3n conforme al RGPD \u2014 adaptado a tu forma de trabajar.<\/h5>\n<h3>Para despachos<\/h3>\n<h5>Para abogados, notarios, contables, consultores, profesionales sanitarios y todas las profesiones reguladas.<\/h5>\n<p> Espacios de trabajo seguros y privados para cada cliente, donde acceder y compartir documentos sensibles.<\/p>\n<p> B\u00f3veda digital cifrada para contrase\u00f1as, documentos de identidad y claves digitales.<\/p>\n<p> Comunicaciones internas cifradas de extremo a extremo entre el despacho y sus clientes.<\/p>\n<p> Notificaciones automatizadas para solicitar firmas digitales o el consentimiento de los clientes.<\/p>\n<p> M\u00f3dulo de importaci\u00f3n impulsado por IA para conversaciones de WhatsApp y comunicaciones por correo electr\u00f3nico.<\/p>\n<p> Rebranding completo de la plataforma con el logotipo de tu empresa y dominio personalizado.<\/p>\n<p> Opciones de integraci\u00f3n con los principales software de contabilidad y gesti\u00f3n de despachos.<\/p>\n<p> Y mucho m\u00e1s \u2014 dise\u00f1ado para escalar junto a los despachos y sus necesidades regulatorias.<\/p>\n<p><a href=\"https:\/\/securoo.eu\/securoo-for-firms\/\" title=\"\">Securoo para despachos<\/a><\/p>\n<h3>Para empresas<\/h3>\n<h5>Para empresas que recopilan documentos de identificaci\u00f3n de clientes y datos confidenciales, en l\u00ednea o en la tienda.<\/h5>\n<p> Almacena de forma segura documentos de identidad y datos sensibles de clientes durante los procesos de activaci\u00f3n de servicios o de compra.<\/p>\n<p> Captura de datos r\u00e1pida y segura directamente desde tu smartphone o tablet mientras atiendes a tus clientes en tu mesa.<\/p>\n<p> Gestor de contrase\u00f1as integrado para almacenar y gestionar de forma segura todos los accesos de tu negocio.<\/p>\n<p> Refuerza tu postura de seguridad y reduce los riesgos de brechas de datos con pleno cumplimiento del RGPD y de la normativa de protecci\u00f3n de datos.<\/p>\n<p><a href=\"https:\/\/securoo.eu\/es\/empresas\/\" title=\"\">Securoo para empresas<\/a><\/p>\n<p> Seguridad y cumplimiento de centros de datos de alto nivel<\/p>\n<p>  &nbsp;\u2014 ISO\/IEC 27001\/27017\/27018, ISO 27701, PCI-DSS Level 1,<br \/>\nSOC 1\/2 Type II, SecNumCloud and GDPR-aligned safeguards across European infrastructure<\/p>\n<h3>Cree aplicaciones seguras con Securoo<\/h3>\n<h5>Potencie su aplicaci\u00f3n con cifrado de grado militar e intercambio seguro de datos que cumple con el RGPD.<br \/>\n<\/h5>\n<p>\/\/ Integraci\u00f3n segura mediante SDK<br \/>Nuestro SDK facilita la integraci\u00f3n de almacenamiento seguro de archivos, gesti\u00f3n de documentos de clientes y compartici\u00f3n cifrada directamente en tu software \u2014 sin necesidad de gestionar infraestructura.<br \/>\nTanto si eres desarrollador como si est\u00e1s integrando Securoo en sistemas existentes, nuestro SDK te ayuda a crear flujos de trabajo seguros y conformes al RGPD.<\/p>\n<p><a href=\"https:\/\/securoo.eu\/securoo-sdk-developers\/\" title=\"\">Explorar el SDK<\/a><\/p>\n<h3>Con la confianza de profesionales en toda Europa<\/h3>\n<p><img decoding=\"async\" src=\"https:\/\/securoo.eu\/wp-content\/uploads\/2026\/02\/tax__advise_logo.jpg\" alt=\"\"><br \/>\nTax and Advise LTD es una firma multinacional de contabilidad con sede en el Reino Unido y oficinas en todo el mundo. Gestiona m\u00e1s de 1.000 clientes a nivel global y ha confiado en nuestras soluciones de almacenamiento seguro de datos durante m\u00e1s de 10 a\u00f1os para proteger informaci\u00f3n altamente sensible.<\/p>\n<p><img decoding=\"async\" src=\"https:\/\/securoo.eu\/wp-content\/uploads\/2026\/02\/serco-1-300x130.png\" alt=\"\"><br \/>\nSerco Italia S.p.A. es la filial italiana de Serco Group, una multinacional brit\u00e1nica que presta servicios p\u00fablicos en los \u00e1mbitos de Defensa, Transporte, Justicia, Inmigraci\u00f3n y Sanidad en m\u00e1s de 20 pa\u00edses. La empresa conf\u00eda en nuestras soluciones de ciberseguridad y protecci\u00f3n de datos para asegurar informaci\u00f3n sensible.<\/p>\n<p><img decoding=\"async\" src=\"https:\/\/securoo.eu\/wp-content\/uploads\/2026\/02\/fci_age_logo.png\" alt=\"\"><br \/>\nFast Check ID es un proveedor l\u00edder en an\u00e1lisis de documentos de identidad y verificaci\u00f3n biom\u00e9trica, que utiliza tecnolog\u00edas avanzadas de IA y ML y colabora con Interpol. Durante m\u00e1s de 5 a\u00f1os, la empresa ha confiado en nuestras soluciones de protecci\u00f3n de datos y ciberseguridad para salvaguardar informaci\u00f3n altamente sensible.<\/p>\n<p><img decoding=\"async\" src=\"https:\/\/securoo.eu\/wp-content\/uploads\/2026\/02\/logo-verdevero-for-nowpng-69-1608722328-300x300.png\" alt=\"\"><br \/>\nVerdevero Srl es una empresa internacional de comercio electr\u00f3nico especializada en productos de limpieza del hogar y cuidado personal, que atiende a m\u00e1s de 40.000 clientes en todo el mundo. Durante m\u00e1s de 8 a\u00f1os, la empresa ha confiado en nuestras soluciones de protecci\u00f3n de datos y ciberseguridad para gestionar y almacenar de forma segura datos altamente sensibles de sus clientes.<\/p>\n<p><img decoding=\"async\" src=\"https:\/\/securoo.eu\/wp-content\/uploads\/2026\/02\/logo-fidavo.svg\" alt=\"\"><\/p>\n<p> Fidavo es la primera plataforma online en Europa para servicios de investigaci\u00f3n privada, que conecta a detectives privados con licencia con clientes en un entorno seguro y transparente. Al gestionar informaci\u00f3n altamente sensible por dise\u00f1o, la plataforma ha confiado en nuestra tecnolog\u00eda de protecci\u00f3n de datos y ciberseguridad durante m\u00e1s de 4 a\u00f1os.<\/p>\n<p><img decoding=\"async\" src=\"https:\/\/securoo.eu\/wp-content\/uploads\/2026\/02\/equidam-300x166.png\" alt=\"\"><br \/>\nEquidam es una plataforma online l\u00edder en valoraci\u00f3n de startups y peque\u00f1as empresas, que automatiza c\u00e1lculos complejos combinando cinco m\u00e9todos est\u00e1ndar de valoraci\u00f3n para ofrecer un rango de valor fiable. Al gestionar datos financieros altamente sensibles, la plataforma ha confiado en nuestras soluciones de protecci\u00f3n de datos durante m\u00e1s de 4 a\u00f1os.<\/p>\n<h3>Y muchos m\u00e1s.<\/h3>\n<p> Con la confianza de m\u00e1s de 200 clientes en todo el mundo.<\/p>\n<p> Our integrated encryption and data protection technology helps you<br \/>\n protect your clients\u2019 data while improving efficiency and reducing<br \/>\n operational risks and costs.<\/p>\n<h2>Preguntas frecuentes<\/h2>\n<p>1. \u00bfTen\u00e9is acceso a los archivos de los usuarios?<br \/>No. Con nuestro cifrado de extremo a extremo y la configuraci\u00f3n zero-knowledge por defecto, Securoo no tiene acceso a tus documentos.<br \/>\n2. \u00bfQu\u00e9 es Securoo y c\u00f3mo protege el cifrado de extremo a extremo mis archivos?<br \/>Securoo cifra los archivos en el dispositivo del cliente antes de que salgan. Solo quienes poseen las claves de cifrado pueden descifrar el contenido. Esto significa que los datos almacenados y las copias de seguridad son ilegibles para Securoo y cualquier tercero sin tus claves \u2014 protegi\u00e9ndote frente a brechas de servidor y accesos internos.<br \/>\n3. \u00bfC\u00f3mo proteg\u00e9is frente a la toma de control de cuentas o amenazas internas?<br \/>La autenticaci\u00f3n multifactor (MFA), la vinculaci\u00f3n de dispositivos, la detecci\u00f3n de comportamiento, los controles de acceso basados en roles y las pol\u00edticas de sesi\u00f3n ayudan a prevenir la toma de control de cuentas. Las acciones administrativas quedan registradas y requieren confirmaci\u00f3n de m\u00faltiples administradores para operaciones sensibles.<br \/>\n4. \u00bfC\u00f3mo me ayuda Securoo a cumplir con el RGPD y evitar sanciones?<br \/>Securoo proporciona controles t\u00e9cnicos exigidos por el RGPD: cifrado de extremo a extremo y en tr\u00e1nsito, localizaci\u00f3n de datos (regiones de la UE), registros de auditor\u00eda, controles de acceso, pol\u00edticas de retenci\u00f3n y flujos de eliminaci\u00f3n. Estos reducen la probabilidad y el impacto de brechas, pero el cumplimiento tambi\u00e9n requiere medidas organizativas (EIPD\/DPIA, gesti\u00f3n del consentimiento).<\/p>\n<p>5. \u00bfD\u00f3nde se almacenan mis archivos?<br \/>Tus archivos se almacenan en una infraestructura cloud compatible con S3 ubicada en centros de datos europeos, con replicaci\u00f3n triple de datos (3 zonas de disponibilidad). Cada archivo se replica de forma segura en tres instalaciones independientes, garantizando una durabilidad de los datos del 100 % y una disponibilidad continua, incluso en caso de fallos de hardware o de red.<br \/>\n6. \u00bfExiste un registro de auditor\u00eda y durante cu\u00e1nto tiempo se conserva?<br \/>Cada acci\u00f3n (subida, descarga, compartici\u00f3n, visualizaci\u00f3n, operaciones de claves) se registra con marca de tiempo, actor e IP. La duraci\u00f3n de la conservaci\u00f3n es configurable seg\u00fan el plan; en los planes Professional puedes habilitar una retenci\u00f3n ampliada para cumplir con requisitos legales o de compliance.<br \/>\n7. \u00bfQu\u00e9 garant\u00edas ofrec\u00e9is en cuanto a copias de seguridad y recuperaci\u00f3n ante desastres?<br \/>Copias de seguridad cifradas, almacenamiento georredundante y procedimientos de restauraci\u00f3n probados. Para SLA m\u00e1s exigentes, ofrecemos r\u00e9plicas dedicadas y compromisos de RTO\/RPO en contratos enterprise.<br \/>\n8. \u00bfPuede Securoo integrarse con mis sistemas existentes (CRM, gesti\u00f3n de despacho, gesti\u00f3n documental)?<br \/>S\u00ed \u2014 ofrecemos APIs REST, webhooks y SDKs para los stacks m\u00e1s comunes. Tambi\u00e9n podemos proporcionar SSO (SAML \/ OIDC) y conectores personalizados para automatizar flujos de ingesti\u00f3n y exportaci\u00f3n.<br \/>\n9. \u00bfCu\u00e1les son las diferencias entre los planes Securoo para despachos y Securoo para empresas?<\/p>\n<p>Para despachos (Firms) \u2014 Dise\u00f1ado para contables, abogados y otros profesionales regulados que gestionan datos sensibles de clientes.<br \/>Esta versi\u00f3n incluye funcionalidades avanzadas como la gesti\u00f3n de subusuarios (clientes), la posibilidad de recibir documentos directamente de los clientes a trav\u00e9s de WhatsApp o email con importaci\u00f3n autom\u00e1tica al espacio seguro del cliente, y herramientas para enviar comunicaciones o solicitudes de firma.<br \/>Tambi\u00e9n integra un gestor de contrase\u00f1as y claves digitales para almacenar de forma segura credenciales de acceso a portales gubernamentales o institucionales \u2014 ofreciendo una soluci\u00f3n completa, todo en uno, para despachos profesionales. <\/p>\n<p>Para empresas (Business) \u2014 Dirigido a un p\u00fablico m\u00e1s amplio, como gimnasios, centros de actividades, agencias de viajes, tiendas online y otros negocios comerciales, tanto online como f\u00edsicos.<br \/>Permite a los equipos capturar y almacenar documentos de identidad de clientes de forma segura y r\u00e1pida, incluso desde dispositivos m\u00f3viles o tablets, simplemente tomando una foto del documento durante el registro.<br \/>Esta versi\u00f3n tambi\u00e9n incluye un gestor de contrase\u00f1as integrado para mantener protegida y organizada la informaci\u00f3n adicional de los clientes.<\/p>\n<p> 10. \u00bfPuedo usar Securoo desde dispositivos m\u00f3viles?<br \/>Securoo est\u00e1 dise\u00f1ado para soportar acceso web y m\u00f3vil, seg\u00fan tu plan.<\/p>\n<p>Con Securoo para despachos (Firms), puedes acceder a la plataforma v\u00eda web, mientras que tus clientes pueden acceder de forma segura a sus \u00e1reas dedicadas desde web o dispositivos m\u00f3viles.<br \/>\nCon Securoo para empresas (Business), puedes acceder a la plataforma tanto desde web como desde dispositivos m\u00f3viles.  <\/p>\n<p><a href=\"https:\/\/securoo.eu\/securoo-security\/\" title=\"\">Descubre c\u00f3mo funciona nuestra protecci\u00f3n \u2014 y mant\u00e9n tus datos seguros<\/a><\/p>\n<p><a href=\"https:\/\/www.linkedin.com\/company\/w-b-asset-studio\/\" title=\"\"><\/a><\/p>\n<h2>\u00bfNecesita ayuda r\u00e1pida o tiene preguntas?<\/h2>\n<p><a href=\"mailto:hello@securoo.eu\" title=\"\"><\/p>\n<h6>hello@securoo.eu<\/h6>\n<p><\/a><\/p>\n<p> <a href=\"https:\/\/wbstudio.tech\" target=\"_blank\"> About us <\/a><a href=\"https:\/\/securoo.eu\/contact\/\"> Request a demo <\/a><a href=\"https:\/\/securoo.eu\/securoo-security\/\"> Security <\/a><a href=\"https:\/\/securoo.eu\/securoo-sdk-developers\/\"> Developers <\/a><a href=\"https:\/\/securoo.eu\/contact\/\"> Contact us <\/a> <\/p>\n<p>W&amp;B Asset Studio SLEdificio EuropeAvenida Aragon 30 &#8211; PL.846021 Valencia<a href=\"https:\/\/wbstudio.tech\"> wbstudio.tech <\/a> <\/p>\n<p>\n Securoo is a product of W&amp;B Asset Studio SL<br \/>\n<a href=\"https:\/\/wbstudio.tech\"><br \/>\n\u00a92025 WB Asset Studio SL<br \/>\n<\/a><br \/>\n\u2013 All rights reserved<\/p>\n","protected":false},"excerpt":{"rendered":"<p>\u00bfC\u00f3mo proteges los documentos sensibles de tus clientes? Cuando los documentos no est\u00e1n cifrados de extremo a extremo, monitorizados y con control de accesos, cada archivo<span class=\"excerpt-hellip\"> [\u2026]<\/span><\/p>\n","protected":false},"author":1,"featured_media":0,"parent":0,"menu_order":0,"comment_status":"closed","ping_status":"closed","template":"","meta":{"footnotes":""},"class_list":["post-419","page","type-page","status-publish","hentry"],"yoast_head":"<!-- This site is optimized with the Yoast SEO plugin v27.2 - https:\/\/yoast.com\/product\/yoast-seo-wordpress\/ -->\n<title>Home - Securoo - E2E GDPR Solution<\/title>\n<meta name=\"description\" content=\"Una plataforma conforme al RGPD, dise\u00f1ada para despachos y empresas que gestionan informaci\u00f3n altamente confidencial. Un \u00fanico nivel m\u00e1ximo de seguridad.\" \/>\n<meta name=\"robots\" content=\"index, follow, max-snippet:-1, max-image-preview:large, max-video-preview:-1\" \/>\n<link rel=\"canonical\" href=\"https:\/\/securoo.eu\/es\/\" \/>\n<meta property=\"og:locale\" content=\"es_ES\" \/>\n<meta property=\"og:type\" content=\"article\" \/>\n<meta property=\"og:title\" content=\"Home - Securoo - E2E GDPR Solution\" \/>\n<meta property=\"og:description\" content=\"Una plataforma conforme al RGPD, dise\u00f1ada para despachos y empresas que gestionan informaci\u00f3n altamente confidencial. Un \u00fanico nivel m\u00e1ximo de seguridad.\" \/>\n<meta property=\"og:url\" content=\"https:\/\/securoo.eu\/es\/\" \/>\n<meta property=\"og:site_name\" content=\"Securoo - E2E GDPR Solution\" \/>\n<meta property=\"article:modified_time\" content=\"2026-03-17T14:17:12+00:00\" \/>\n<meta property=\"og:image\" content=\"https:\/\/securoo.eu\/wp-content\/uploads\/2026\/02\/securoo_pro_preview_eng.png\" \/>\n<meta name=\"twitter:card\" content=\"summary_large_image\" \/>\n<meta name=\"twitter:label1\" content=\"Tiempo de lectura\" \/>\n\t<meta name=\"twitter:data1\" content=\"10 minutos\" \/>\n<script type=\"application\/ld+json\" class=\"yoast-schema-graph\">{\"@context\":\"https:\/\/schema.org\",\"@graph\":[{\"@type\":\"WebPage\",\"@id\":\"https:\/\/securoo.eu\/es\/\",\"url\":\"https:\/\/securoo.eu\/es\/\",\"name\":\"Home - Securoo - E2E GDPR Solution\",\"isPartOf\":{\"@id\":\"https:\/\/securoo.eu\/es\/#website\"},\"primaryImageOfPage\":{\"@id\":\"https:\/\/securoo.eu\/es\/#primaryimage\"},\"image\":{\"@id\":\"https:\/\/securoo.eu\/es\/#primaryimage\"},\"thumbnailUrl\":\"https:\/\/securoo.eu\/wp-content\/uploads\/2026\/02\/securoo_pro_preview_eng.png\",\"datePublished\":\"2021-01-26T22:16:29+00:00\",\"dateModified\":\"2026-03-17T14:17:12+00:00\",\"description\":\"Una plataforma conforme al RGPD, dise\u00f1ada para despachos y empresas que gestionan informaci\u00f3n altamente confidencial. Un \u00fanico nivel m\u00e1ximo de seguridad.\",\"breadcrumb\":{\"@id\":\"https:\/\/securoo.eu\/es\/#breadcrumb\"},\"inLanguage\":\"es\",\"potentialAction\":[{\"@type\":\"ReadAction\",\"target\":[\"https:\/\/securoo.eu\/es\/\"]}]},{\"@type\":\"ImageObject\",\"inLanguage\":\"es\",\"@id\":\"https:\/\/securoo.eu\/es\/#primaryimage\",\"url\":\"https:\/\/securoo.eu\/wp-content\/uploads\/2026\/02\/securoo_pro_preview_eng.png\",\"contentUrl\":\"https:\/\/securoo.eu\/wp-content\/uploads\/2026\/02\/securoo_pro_preview_eng.png\"},{\"@type\":\"BreadcrumbList\",\"@id\":\"https:\/\/securoo.eu\/es\/#breadcrumb\",\"itemListElement\":[{\"@type\":\"ListItem\",\"position\":1,\"name\":\"Home\",\"item\":\"https:\/\/securoo.eu\/es\/home\/\"},{\"@type\":\"ListItem\",\"position\":2,\"name\":\"Home\"}]},{\"@type\":\"WebSite\",\"@id\":\"https:\/\/securoo.eu\/es\/#website\",\"url\":\"https:\/\/securoo.eu\/es\/\",\"name\":\"Securoo - E2E GDPR Solution\",\"description\":\"\",\"publisher\":{\"@id\":\"https:\/\/securoo.eu\/es\/#organization\"},\"potentialAction\":[{\"@type\":\"SearchAction\",\"target\":{\"@type\":\"EntryPoint\",\"urlTemplate\":\"https:\/\/securoo.eu\/es\/?s={search_term_string}\"},\"query-input\":{\"@type\":\"PropertyValueSpecification\",\"valueRequired\":true,\"valueName\":\"search_term_string\"}}],\"inLanguage\":\"es\"},{\"@type\":\"Organization\",\"@id\":\"https:\/\/securoo.eu\/es\/#organization\",\"name\":\"Securoo - E2E GDPR Solution\",\"url\":\"https:\/\/securoo.eu\/es\/\",\"logo\":{\"@type\":\"ImageObject\",\"inLanguage\":\"es\",\"@id\":\"https:\/\/securoo.eu\/es\/#\/schema\/logo\/image\/\",\"url\":\"https:\/\/securoo.eu\/wp-content\/uploads\/2025\/11\/securoo_logo.png\",\"contentUrl\":\"https:\/\/securoo.eu\/wp-content\/uploads\/2025\/11\/securoo_logo.png\",\"width\":916,\"height\":170,\"caption\":\"Securoo - E2E GDPR Solution\"},\"image\":{\"@id\":\"https:\/\/securoo.eu\/es\/#\/schema\/logo\/image\/\"},\"sameAs\":[\"https:\/\/www.linkedin.com\/company\/w-b-asset-studio\/\"]}]}<\/script>\n<!-- \/ Yoast SEO plugin. -->","yoast_head_json":{"title":"Home - Securoo - E2E GDPR Solution","description":"Una plataforma conforme al RGPD, dise\u00f1ada para despachos y empresas que gestionan informaci\u00f3n altamente confidencial. Un \u00fanico nivel m\u00e1ximo de seguridad.","robots":{"index":"index","follow":"follow","max-snippet":"max-snippet:-1","max-image-preview":"max-image-preview:large","max-video-preview":"max-video-preview:-1"},"canonical":"https:\/\/securoo.eu\/es\/","og_locale":"es_ES","og_type":"article","og_title":"Home - Securoo - E2E GDPR Solution","og_description":"Una plataforma conforme al RGPD, dise\u00f1ada para despachos y empresas que gestionan informaci\u00f3n altamente confidencial. Un \u00fanico nivel m\u00e1ximo de seguridad.","og_url":"https:\/\/securoo.eu\/es\/","og_site_name":"Securoo - E2E GDPR Solution","article_modified_time":"2026-03-17T14:17:12+00:00","og_image":[{"url":"https:\/\/securoo.eu\/wp-content\/uploads\/2026\/02\/securoo_pro_preview_eng.png","type":"","width":"","height":""}],"twitter_card":"summary_large_image","twitter_misc":{"Tiempo de lectura":"10 minutos"},"schema":{"@context":"https:\/\/schema.org","@graph":[{"@type":"WebPage","@id":"https:\/\/securoo.eu\/es\/","url":"https:\/\/securoo.eu\/es\/","name":"Home - Securoo - E2E GDPR Solution","isPartOf":{"@id":"https:\/\/securoo.eu\/es\/#website"},"primaryImageOfPage":{"@id":"https:\/\/securoo.eu\/es\/#primaryimage"},"image":{"@id":"https:\/\/securoo.eu\/es\/#primaryimage"},"thumbnailUrl":"https:\/\/securoo.eu\/wp-content\/uploads\/2026\/02\/securoo_pro_preview_eng.png","datePublished":"2021-01-26T22:16:29+00:00","dateModified":"2026-03-17T14:17:12+00:00","description":"Una plataforma conforme al RGPD, dise\u00f1ada para despachos y empresas que gestionan informaci\u00f3n altamente confidencial. Un \u00fanico nivel m\u00e1ximo de seguridad.","breadcrumb":{"@id":"https:\/\/securoo.eu\/es\/#breadcrumb"},"inLanguage":"es","potentialAction":[{"@type":"ReadAction","target":["https:\/\/securoo.eu\/es\/"]}]},{"@type":"ImageObject","inLanguage":"es","@id":"https:\/\/securoo.eu\/es\/#primaryimage","url":"https:\/\/securoo.eu\/wp-content\/uploads\/2026\/02\/securoo_pro_preview_eng.png","contentUrl":"https:\/\/securoo.eu\/wp-content\/uploads\/2026\/02\/securoo_pro_preview_eng.png"},{"@type":"BreadcrumbList","@id":"https:\/\/securoo.eu\/es\/#breadcrumb","itemListElement":[{"@type":"ListItem","position":1,"name":"Home","item":"https:\/\/securoo.eu\/es\/home\/"},{"@type":"ListItem","position":2,"name":"Home"}]},{"@type":"WebSite","@id":"https:\/\/securoo.eu\/es\/#website","url":"https:\/\/securoo.eu\/es\/","name":"Securoo - E2E GDPR Solution","description":"","publisher":{"@id":"https:\/\/securoo.eu\/es\/#organization"},"potentialAction":[{"@type":"SearchAction","target":{"@type":"EntryPoint","urlTemplate":"https:\/\/securoo.eu\/es\/?s={search_term_string}"},"query-input":{"@type":"PropertyValueSpecification","valueRequired":true,"valueName":"search_term_string"}}],"inLanguage":"es"},{"@type":"Organization","@id":"https:\/\/securoo.eu\/es\/#organization","name":"Securoo - E2E GDPR Solution","url":"https:\/\/securoo.eu\/es\/","logo":{"@type":"ImageObject","inLanguage":"es","@id":"https:\/\/securoo.eu\/es\/#\/schema\/logo\/image\/","url":"https:\/\/securoo.eu\/wp-content\/uploads\/2025\/11\/securoo_logo.png","contentUrl":"https:\/\/securoo.eu\/wp-content\/uploads\/2025\/11\/securoo_logo.png","width":916,"height":170,"caption":"Securoo - E2E GDPR Solution"},"image":{"@id":"https:\/\/securoo.eu\/es\/#\/schema\/logo\/image\/"},"sameAs":["https:\/\/www.linkedin.com\/company\/w-b-asset-studio\/"]}]}},"_links":{"self":[{"href":"https:\/\/securoo.eu\/es\/wp-json\/wp\/v2\/pages\/419","targetHints":{"allow":["GET"]}}],"collection":[{"href":"https:\/\/securoo.eu\/es\/wp-json\/wp\/v2\/pages"}],"about":[{"href":"https:\/\/securoo.eu\/es\/wp-json\/wp\/v2\/types\/page"}],"author":[{"embeddable":true,"href":"https:\/\/securoo.eu\/es\/wp-json\/wp\/v2\/users\/1"}],"replies":[{"embeddable":true,"href":"https:\/\/securoo.eu\/es\/wp-json\/wp\/v2\/comments?post=419"}],"version-history":[{"count":1,"href":"https:\/\/securoo.eu\/es\/wp-json\/wp\/v2\/pages\/419\/revisions"}],"predecessor-version":[{"id":438,"href":"https:\/\/securoo.eu\/es\/wp-json\/wp\/v2\/pages\/419\/revisions\/438"}],"wp:attachment":[{"href":"https:\/\/securoo.eu\/es\/wp-json\/wp\/v2\/media?parent=419"}],"curies":[{"name":"wp","href":"https:\/\/api.w.org\/{rel}","templated":true}]}}